{"id":13,"date":"2025-07-11T14:07:40","date_gmt":"2025-07-11T14:07:40","guid":{"rendered":"https:\/\/marinalizarraldepsicologa.rkinformatika.online\/?page_id=13"},"modified":"2025-09-15T09:31:18","modified_gmt":"2025-09-15T09:31:18","slug":"sobre-mi","status":"publish","type":"page","link":"https:\/\/marinalizarraldepsicologa.com\/en\/sobre-mi\/","title":{"rendered":"About me"},"content":{"rendered":"<div data-elementor-type=\"wp-page\" data-elementor-id=\"13\" class=\"elementor elementor-13\" data-elementor-post-type=\"page\">\n\t\t\t\t<div class=\"elementor-element elementor-element-c78520d e-flex e-con-boxed e-con e-parent\" data-id=\"c78520d\" data-element_type=\"container\" data-e-type=\"container\" data-settings=\"{&quot;background_background&quot;:&quot;classic&quot;}\">\n\t\t\t\t\t<div class=\"e-con-inner\">\n\t\t<div class=\"elementor-element elementor-element-b4b4a6a e-con-full e-flex e-con e-child\" data-id=\"b4b4a6a\" data-element_type=\"container\" data-e-type=\"container\">\n\t\t\t\t<div class=\"elementor-element elementor-element-7190edd elementor-widget elementor-widget-heading\" data-id=\"7190edd\" data-element_type=\"widget\" data-e-type=\"widget\" data-widget_type=\"heading.default\">\n\t\t\t\t\t<h2 class=\"elementor-heading-title elementor-size-default\">About me<\/h2>\t\t\t\t<\/div>\n\t\t\t\t<div class=\"elementor-element elementor-element-29f3249 elementor-widget elementor-widget-text-editor\" data-id=\"29f3249\" data-element_type=\"widget\" data-e-type=\"widget\" data-widget_type=\"text-editor.default\">\n\t\t\t\t\t\t\t\t\t<p>Soy Marina Lizarralde Bilbao, Psic\u00f3loga General Sanitaria con gran vocaci\u00f3n por ayudar a las personas en su bienestar y en tener un adecuado desarrollo personal.<\/p><p>Atiendo a ni\u00f1os\/as, adolescentes, adultos\/as y familias con todo tipo de dificultades. Me centro en cada persona de forma individualizada, desde la empat\u00eda y la validaci\u00f3n emocional.<\/p><p>Intento comprender las necesidades y la problem\u00e1tica tal como cada uno\/a lo siente, acompa\u00f1ando en su malestar y ofreciendo recursos pr\u00e1cticos para poder hacerle frente a aquello que ocurre.<\/p><p>Me enfoco en identificar los aspectos que afectan a nuestra calidad de vida, mejorar la forma en que nos comportamos y gestionamos las emociones, y fortalecer el afrontamiento a las dificultades.\u00a0<\/p>\t\t\t\t\t\t\t\t<\/div>\n\t\t\t\t<\/div>\n\t\t<div class=\"elementor-element elementor-element-dfc7c49 e-con-full e-flex e-con e-child\" data-id=\"dfc7c49\" data-element_type=\"container\" data-e-type=\"container\">\n\t\t\t\t<div class=\"elementor-element elementor-element-c12b22e elementor-invisible elementor-widget elementor-widget-image\" data-id=\"c12b22e\" data-element_type=\"widget\" data-e-type=\"widget\" data-settings=\"{&quot;_animation&quot;:&quot;fadeInDown&quot;}\" data-widget_type=\"image.default\">\n\t\t\t\t\t\t\t\t\t\t\t\t\t\t\t<img fetchpriority=\"high\" decoding=\"async\" width=\"1000\" height=\"1300\" src=\"https:\/\/marinalizarraldepsicologa.com\/wp-content\/uploads\/2025\/07\/Diseno-sin-titulo.png\" class=\"attachment-full size-full wp-image-161\" alt=\"\" srcset=\"https:\/\/marinalizarraldepsicologa.com\/wp-content\/uploads\/2025\/07\/Diseno-sin-titulo.png 1000w, https:\/\/marinalizarraldepsicologa.com\/wp-content\/uploads\/2025\/07\/Diseno-sin-titulo-231x300.png 231w, https:\/\/marinalizarraldepsicologa.com\/wp-content\/uploads\/2025\/07\/Diseno-sin-titulo-788x1024.png 788w, https:\/\/marinalizarraldepsicologa.com\/wp-content\/uploads\/2025\/07\/Diseno-sin-titulo-768x998.png 768w, https:\/\/marinalizarraldepsicologa.com\/wp-content\/uploads\/2025\/07\/Diseno-sin-titulo-9x12.png 9w\" sizes=\"(max-width: 1000px) 100vw, 1000px\" \/>\t\t\t\t\t\t\t\t\t\t\t\t\t\t\t<\/div>\n\t\t\t\t<\/div>\n\t\t\t\t\t<\/div>\n\t\t\t\t<\/div>\n\t\t<div class=\"elementor-element elementor-element-2591e95 e-flex e-con-boxed e-con e-parent\" data-id=\"2591e95\" data-element_type=\"container\" data-e-type=\"container\" data-settings=\"{&quot;background_background&quot;:&quot;classic&quot;}\">\n\t\t\t\t\t<div class=\"e-con-inner\">\n\t\t\t\t<div class=\"elementor-element elementor-element-cd050a9 elementor-widget-divider--view-line elementor-widget elementor-widget-divider\" data-id=\"cd050a9\" data-element_type=\"widget\" data-e-type=\"widget\" data-widget_type=\"divider.default\">\n\t\t\t\t\t\t\t<div class=\"elementor-divider\">\n\t\t\t<span class=\"elementor-divider-separator\">\n\t\t\t\t\t\t<\/span>\n\t\t<\/div>\n\t\t\t\t\t\t<\/div>\n\t\t\t\t\t<\/div>\n\t\t\t\t<\/div>\n\t\t<div class=\"elementor-element elementor-element-60b4d05 e-flex e-con-boxed e-con e-parent\" data-id=\"60b4d05\" data-element_type=\"container\" data-e-type=\"container\">\n\t\t\t\t\t<div class=\"e-con-inner\">\n\t\t\t\t<div class=\"elementor-element elementor-element-22da270 elementor-widget elementor-widget-heading\" data-id=\"22da270\" data-element_type=\"widget\" data-e-type=\"widget\" data-widget_type=\"heading.default\">\n\t\t\t\t\t<h2 class=\"elementor-heading-title elementor-size-default\">Mi formaci\u00f3n<\/h2>\t\t\t\t<\/div>\n\t\t\t\t\t<\/div>\n\t\t\t\t<\/div>\n\t\t<div class=\"elementor-element elementor-element-79d86fc e-flex e-con-boxed e-con e-parent\" data-id=\"79d86fc\" data-element_type=\"container\" data-e-type=\"container\">\n\t\t\t\t\t<div class=\"e-con-inner\">\n\t\t\t\t<div class=\"elementor-element elementor-element-d5b88e6 elementor-widget elementor-widget-text-editor\" data-id=\"d5b88e6\" data-element_type=\"widget\" data-e-type=\"widget\" data-widget_type=\"text-editor.default\">\n\t\t\t\t\t\t\t\t\t<ul><li>Grado en Psicolog\u00eda con menci\u00f3n en Psicolog\u00eda de la salud.<\/li><li>M\u00e1ster habilitante en Psicolog\u00eda General Sanitaria.<\/li><li>M\u00e1ster oficial en Terapias Contextuales y de Tercera Generaci\u00f3n.<\/li><li>Curso de especializaci\u00f3n en Psicolog\u00eda Cl\u00ednica. Escuela de Pr\u00e1ctica Psicol\u00f3gica del Colegio de Psic\u00f3logos de Bizkaia.<\/li><li>Pr\u00e1cticas en diferentes centros de psicolog\u00eda, dise\u00f1ando planes de intervenci\u00f3n adaptados y evaluaciones psicodiagn\u00f3sticas.\u00a0<\/li><\/ul>\t\t\t\t\t\t\t\t<\/div>\n\t\t\t\t\t<\/div>\n\t\t\t\t<\/div>\n\t\t<div class=\"elementor-element elementor-element-7fa6ca2 e-flex e-con-boxed e-con e-parent\" data-id=\"7fa6ca2\" data-element_type=\"container\" data-e-type=\"container\">\n\t\t\t\t\t<div class=\"e-con-inner\">\n\t\t<div class=\"elementor-element elementor-element-bb55917 e-con-full e-flex e-con e-child\" data-id=\"bb55917\" data-element_type=\"container\" data-e-type=\"container\">\n\t\t\t\t<div class=\"elementor-element elementor-element-041ebbd elementor-widget elementor-widget-text-editor\" data-id=\"041ebbd\" data-element_type=\"widget\" data-e-type=\"widget\" data-widget_type=\"text-editor.default\">\n\t\t\t\t\t\t\t\t\t<p>Mi experiencia profesional se centra en la psicolog\u00eda cl\u00ednica y de la salud.<\/p><p>Durante estos a\u00f1os he atendido en terapia a ni\u00f1os\/as hasta adolescentes y adultos\/as, y he impartido charlas y talleres preventivos a alumnado y familias sobre diversos temas relacionados a la salud mental.<\/p><p>He tenido la oportunidad de colaborar con diferentes centros y proyectos de ayuntamientos en Bizkaia, y de formar parte de un equipo multidisciplinar; evaluando y trabajando sobre diferentes tipos de perfiles y dificultades.<\/p><p>Estos a\u00f1os de aprendizaje me han permitido enriquecerme de grandes profesionales y nutrirme de experiencias vitales para un buen trabajo profesional. Asimismo, me encuentro en continua formaci\u00f3n para seguir aprendiendo sobre las \u00faltimas investigaciones y actualizaciones en psicoterapia.<\/p>\t\t\t\t\t\t\t\t<\/div>\n\t\t\t\t<\/div>\n\t\t\t\t\t<\/div>\n\t\t\t\t<\/div>\n\t\t<div class=\"elementor-element elementor-element-3c50d09 e-flex e-con-boxed e-con e-parent\" data-id=\"3c50d09\" data-element_type=\"container\" data-e-type=\"container\">\n\t\t\t\t\t<div class=\"e-con-inner\">\n\t\t\t\t<div class=\"elementor-element elementor-element-4436aa2 elementor-widget elementor-widget-image\" data-id=\"4436aa2\" data-element_type=\"widget\" data-e-type=\"widget\" data-widget_type=\"image.default\">\n\t\t\t\t\t\t\t\t\t\t\t\t\t\t\t<img decoding=\"async\" width=\"1536\" height=\"322\" src=\"https:\/\/marinalizarraldepsicologa.com\/wp-content\/uploads\/2025\/08\/BI05614_MARINA-LIZARRALDE-BILBAO_IdentidadColegial-1536x322.png\" class=\"attachment-1536x1536 size-1536x1536 wp-image-1072\" alt=\"\" srcset=\"https:\/\/marinalizarraldepsicologa.com\/wp-content\/uploads\/2025\/08\/BI05614_MARINA-LIZARRALDE-BILBAO_IdentidadColegial-1536x322.png 1536w, https:\/\/marinalizarraldepsicologa.com\/wp-content\/uploads\/2025\/08\/BI05614_MARINA-LIZARRALDE-BILBAO_IdentidadColegial-300x63.png 300w, https:\/\/marinalizarraldepsicologa.com\/wp-content\/uploads\/2025\/08\/BI05614_MARINA-LIZARRALDE-BILBAO_IdentidadColegial-1024x215.png 1024w, https:\/\/marinalizarraldepsicologa.com\/wp-content\/uploads\/2025\/08\/BI05614_MARINA-LIZARRALDE-BILBAO_IdentidadColegial-768x161.png 768w, https:\/\/marinalizarraldepsicologa.com\/wp-content\/uploads\/2025\/08\/BI05614_MARINA-LIZARRALDE-BILBAO_IdentidadColegial-2048x429.png 2048w, https:\/\/marinalizarraldepsicologa.com\/wp-content\/uploads\/2025\/08\/BI05614_MARINA-LIZARRALDE-BILBAO_IdentidadColegial-18x4.png 18w\" sizes=\"(max-width: 1536px) 100vw, 1536px\" \/>\t\t\t\t\t\t\t\t\t\t\t\t\t\t\t<\/div>\n\t\t\t\t\t<\/div>\n\t\t\t\t<\/div>\n\t\t\t\t<\/div>","protected":false},"excerpt":{"rendered":"<p>Sobre m\u00ed Soy Marina Lizarralde Bilbao, Psic\u00f3loga General Sanitaria con gran vocaci\u00f3n por ayudar a las personas en su bienestar y en tener un adecuado desarrollo personal. Atiendo a ni\u00f1os\/as, adolescentes, adultos\/as y familias con todo tipo de dificultades. Me centro en cada persona de forma individualizada, desde la empat\u00eda y la validaci\u00f3n emocional. Intento [&hellip;]<\/p>\n","protected":false},"author":1,"featured_media":0,"parent":0,"menu_order":0,"comment_status":"closed","ping_status":"closed","template":"elementor_canvas","meta":{"footnotes":""},"class_list":["post-13","page","type-page","status-publish","hentry"],"yoast_head":"<!-- This site is optimized with the Yoast SEO plugin v27.3 - https:\/\/yoast.com\/product\/yoast-seo-wordpress\/ -->\n<title>Sobre m\u00ed - Marina Lizarralde Psic\u00f3loga<\/title>\n<meta name=\"robots\" content=\"index, follow, max-snippet:-1, max-image-preview:large, max-video-preview:-1\" \/>\n<link rel=\"canonical\" href=\"https:\/\/marinalizarraldepsicologa.com\/en\/sobre-mi\/\" \/>\n<meta property=\"og:locale\" content=\"en_GB\" \/>\n<meta property=\"og:type\" content=\"article\" \/>\n<meta property=\"og:title\" content=\"Sobre m\u00ed - Marina Lizarralde Psic\u00f3loga\" \/>\n<meta property=\"og:description\" content=\"Sobre m\u00ed Soy Marina Lizarralde Bilbao, Psic\u00f3loga General Sanitaria con gran vocaci\u00f3n por ayudar a las personas en su bienestar y en tener un adecuado desarrollo personal. Atiendo a ni\u00f1os\/as, adolescentes, adultos\/as y familias con todo tipo de dificultades. Me centro en cada persona de forma individualizada, desde la empat\u00eda y la validaci\u00f3n emocional. Intento [&hellip;]\" \/>\n<meta property=\"og:url\" content=\"https:\/\/marinalizarraldepsicologa.com\/en\/sobre-mi\/\" \/>\n<meta property=\"og:site_name\" content=\"Marina Lizarralde Psic\u00f3loga\" \/>\n<meta property=\"article:modified_time\" content=\"2025-09-15T09:31:18+00:00\" \/>\n<meta property=\"og:image\" content=\"https:\/\/marinalizarraldepsicologa.com\/wp-content\/uploads\/2025\/07\/Diseno-sin-titulo.png\" \/>\n<meta name=\"twitter:card\" content=\"summary_large_image\" \/>\n<meta name=\"twitter:label1\" content=\"Estimated reading time\" \/>\n\t<meta name=\"twitter:data1\" content=\"2 minutes\" \/>\n<script type=\"application\/ld+json\" class=\"yoast-schema-graph\">{\"@context\":\"https:\\\/\\\/schema.org\",\"@graph\":[{\"@type\":\"WebPage\",\"@id\":\"https:\\\/\\\/marinalizarraldepsicologa.com\\\/sobre-mi\\\/\",\"url\":\"https:\\\/\\\/marinalizarraldepsicologa.com\\\/sobre-mi\\\/\",\"name\":\"Sobre m\u00ed - Marina Lizarralde Psic\u00f3loga\",\"isPartOf\":{\"@id\":\"https:\\\/\\\/marinalizarraldepsicologa.com\\\/#website\"},\"primaryImageOfPage\":{\"@id\":\"https:\\\/\\\/marinalizarraldepsicologa.com\\\/sobre-mi\\\/#primaryimage\"},\"image\":{\"@id\":\"https:\\\/\\\/marinalizarraldepsicologa.com\\\/sobre-mi\\\/#primaryimage\"},\"thumbnailUrl\":\"https:\\\/\\\/marinalizarraldepsicologa.com\\\/wp-content\\\/uploads\\\/2025\\\/07\\\/Diseno-sin-titulo.png\",\"datePublished\":\"2025-07-11T14:07:40+00:00\",\"dateModified\":\"2025-09-15T09:31:18+00:00\",\"breadcrumb\":{\"@id\":\"https:\\\/\\\/marinalizarraldepsicologa.com\\\/sobre-mi\\\/#breadcrumb\"},\"inLanguage\":\"en-GB\",\"potentialAction\":[{\"@type\":\"ReadAction\",\"target\":[\"https:\\\/\\\/marinalizarraldepsicologa.com\\\/sobre-mi\\\/\"]}]},{\"@type\":\"ImageObject\",\"inLanguage\":\"en-GB\",\"@id\":\"https:\\\/\\\/marinalizarraldepsicologa.com\\\/sobre-mi\\\/#primaryimage\",\"url\":\"https:\\\/\\\/marinalizarraldepsicologa.com\\\/wp-content\\\/uploads\\\/2025\\\/07\\\/Diseno-sin-titulo.png\",\"contentUrl\":\"https:\\\/\\\/marinalizarraldepsicologa.com\\\/wp-content\\\/uploads\\\/2025\\\/07\\\/Diseno-sin-titulo.png\"},{\"@type\":\"BreadcrumbList\",\"@id\":\"https:\\\/\\\/marinalizarraldepsicologa.com\\\/sobre-mi\\\/#breadcrumb\",\"itemListElement\":[{\"@type\":\"ListItem\",\"position\":1,\"name\":\"Portada\",\"item\":\"https:\\\/\\\/marinalizarraldepsicologa.com\\\/\"},{\"@type\":\"ListItem\",\"position\":2,\"name\":\"Sobre m\u00ed\"}]},{\"@type\":\"WebSite\",\"@id\":\"https:\\\/\\\/marinalizarraldepsicologa.com\\\/#website\",\"url\":\"https:\\\/\\\/marinalizarraldepsicologa.com\\\/\",\"name\":\"Marina Lizarralde Psic\u00f3loga\",\"description\":\"Psicolog\u00eda Sanitaria\",\"publisher\":{\"@id\":\"https:\\\/\\\/marinalizarraldepsicologa.com\\\/#organization\"},\"potentialAction\":[{\"@type\":\"SearchAction\",\"target\":{\"@type\":\"EntryPoint\",\"urlTemplate\":\"https:\\\/\\\/marinalizarraldepsicologa.com\\\/?s={search_term_string}\"},\"query-input\":{\"@type\":\"PropertyValueSpecification\",\"valueRequired\":true,\"valueName\":\"search_term_string\"}}],\"inLanguage\":\"en-GB\"},{\"@type\":\"Organization\",\"@id\":\"https:\\\/\\\/marinalizarraldepsicologa.com\\\/#organization\",\"name\":\"Marina Lizarralde Psic\u00f3loga\",\"url\":\"https:\\\/\\\/marinalizarraldepsicologa.com\\\/\",\"logo\":{\"@type\":\"ImageObject\",\"inLanguage\":\"en-GB\",\"@id\":\"https:\\\/\\\/marinalizarraldepsicologa.com\\\/#\\\/schema\\\/logo\\\/image\\\/\",\"url\":\"https:\\\/\\\/marinalizarraldepsicologa.com\\\/wp-content\\\/uploads\\\/2025\\\/08\\\/cropped-Diseno-sin-titulo-1.png\",\"contentUrl\":\"https:\\\/\\\/marinalizarraldepsicologa.com\\\/wp-content\\\/uploads\\\/2025\\\/08\\\/cropped-Diseno-sin-titulo-1.png\",\"width\":448,\"height\":112,\"caption\":\"Marina Lizarralde Psic\u00f3loga \"},\"image\":{\"@id\":\"https:\\\/\\\/marinalizarraldepsicologa.com\\\/#\\\/schema\\\/logo\\\/image\\\/\"}}]}<\/script>\n<!-- \/ Yoast SEO plugin. -->","yoast_head_json":{"title":"Sobre m\u00ed - Marina Lizarralde Psic\u00f3loga","robots":{"index":"index","follow":"follow","max-snippet":"max-snippet:-1","max-image-preview":"max-image-preview:large","max-video-preview":"max-video-preview:-1"},"canonical":"https:\/\/marinalizarraldepsicologa.com\/en\/sobre-mi\/","og_locale":"en_GB","og_type":"article","og_title":"Sobre m\u00ed - Marina Lizarralde Psic\u00f3loga","og_description":"Sobre m\u00ed Soy Marina Lizarralde Bilbao, Psic\u00f3loga General Sanitaria con gran vocaci\u00f3n por ayudar a las personas en su bienestar y en tener un adecuado desarrollo personal. Atiendo a ni\u00f1os\/as, adolescentes, adultos\/as y familias con todo tipo de dificultades. Me centro en cada persona de forma individualizada, desde la empat\u00eda y la validaci\u00f3n emocional. Intento [&hellip;]","og_url":"https:\/\/marinalizarraldepsicologa.com\/en\/sobre-mi\/","og_site_name":"Marina Lizarralde Psic\u00f3loga","article_modified_time":"2025-09-15T09:31:18+00:00","og_image":[{"url":"https:\/\/marinalizarraldepsicologa.com\/wp-content\/uploads\/2025\/07\/Diseno-sin-titulo.png","type":"","width":"","height":""}],"twitter_card":"summary_large_image","twitter_misc":{"Estimated reading time":"2 minutes"},"schema":{"@context":"https:\/\/schema.org","@graph":[{"@type":"WebPage","@id":"https:\/\/marinalizarraldepsicologa.com\/sobre-mi\/","url":"https:\/\/marinalizarraldepsicologa.com\/sobre-mi\/","name":"Sobre m\u00ed - Marina Lizarralde Psic\u00f3loga","isPartOf":{"@id":"https:\/\/marinalizarraldepsicologa.com\/#website"},"primaryImageOfPage":{"@id":"https:\/\/marinalizarraldepsicologa.com\/sobre-mi\/#primaryimage"},"image":{"@id":"https:\/\/marinalizarraldepsicologa.com\/sobre-mi\/#primaryimage"},"thumbnailUrl":"https:\/\/marinalizarraldepsicologa.com\/wp-content\/uploads\/2025\/07\/Diseno-sin-titulo.png","datePublished":"2025-07-11T14:07:40+00:00","dateModified":"2025-09-15T09:31:18+00:00","breadcrumb":{"@id":"https:\/\/marinalizarraldepsicologa.com\/sobre-mi\/#breadcrumb"},"inLanguage":"en-GB","potentialAction":[{"@type":"ReadAction","target":["https:\/\/marinalizarraldepsicologa.com\/sobre-mi\/"]}]},{"@type":"ImageObject","inLanguage":"en-GB","@id":"https:\/\/marinalizarraldepsicologa.com\/sobre-mi\/#primaryimage","url":"https:\/\/marinalizarraldepsicologa.com\/wp-content\/uploads\/2025\/07\/Diseno-sin-titulo.png","contentUrl":"https:\/\/marinalizarraldepsicologa.com\/wp-content\/uploads\/2025\/07\/Diseno-sin-titulo.png"},{"@type":"BreadcrumbList","@id":"https:\/\/marinalizarraldepsicologa.com\/sobre-mi\/#breadcrumb","itemListElement":[{"@type":"ListItem","position":1,"name":"Portada","item":"https:\/\/marinalizarraldepsicologa.com\/"},{"@type":"ListItem","position":2,"name":"Sobre m\u00ed"}]},{"@type":"WebSite","@id":"https:\/\/marinalizarraldepsicologa.com\/#website","url":"https:\/\/marinalizarraldepsicologa.com\/","name":"Marina Lizarralde Psic\u00f3loga","description":"Psicolog\u00eda Sanitaria","publisher":{"@id":"https:\/\/marinalizarraldepsicologa.com\/#organization"},"potentialAction":[{"@type":"SearchAction","target":{"@type":"EntryPoint","urlTemplate":"https:\/\/marinalizarraldepsicologa.com\/?s={search_term_string}"},"query-input":{"@type":"PropertyValueSpecification","valueRequired":true,"valueName":"search_term_string"}}],"inLanguage":"en-GB"},{"@type":"Organization","@id":"https:\/\/marinalizarraldepsicologa.com\/#organization","name":"Marina Lizarralde Psic\u00f3loga","url":"https:\/\/marinalizarraldepsicologa.com\/","logo":{"@type":"ImageObject","inLanguage":"en-GB","@id":"https:\/\/marinalizarraldepsicologa.com\/#\/schema\/logo\/image\/","url":"https:\/\/marinalizarraldepsicologa.com\/wp-content\/uploads\/2025\/08\/cropped-Diseno-sin-titulo-1.png","contentUrl":"https:\/\/marinalizarraldepsicologa.com\/wp-content\/uploads\/2025\/08\/cropped-Diseno-sin-titulo-1.png","width":448,"height":112,"caption":"Marina Lizarralde Psic\u00f3loga "},"image":{"@id":"https:\/\/marinalizarraldepsicologa.com\/#\/schema\/logo\/image\/"}}]}},"_links":{"self":[{"href":"https:\/\/marinalizarraldepsicologa.com\/en\/wp-json\/wp\/v2\/pages\/13","targetHints":{"allow":["GET"]}}],"collection":[{"href":"https:\/\/marinalizarraldepsicologa.com\/en\/wp-json\/wp\/v2\/pages"}],"about":[{"href":"https:\/\/marinalizarraldepsicologa.com\/en\/wp-json\/wp\/v2\/types\/page"}],"author":[{"embeddable":true,"href":"https:\/\/marinalizarraldepsicologa.com\/en\/wp-json\/wp\/v2\/users\/1"}],"replies":[{"embeddable":true,"href":"https:\/\/marinalizarraldepsicologa.com\/en\/wp-json\/wp\/v2\/comments?post=13"}],"version-history":[{"count":183,"href":"https:\/\/marinalizarraldepsicologa.com\/en\/wp-json\/wp\/v2\/pages\/13\/revisions"}],"predecessor-version":[{"id":1751,"href":"https:\/\/marinalizarraldepsicologa.com\/en\/wp-json\/wp\/v2\/pages\/13\/revisions\/1751"}],"wp:attachment":[{"href":"https:\/\/marinalizarraldepsicologa.com\/en\/wp-json\/wp\/v2\/media?parent=13"}],"curies":[{"name":"wp","href":"https:\/\/api.w.org\/{rel}","templated":true}]}}