{"id":16,"date":"2025-07-11T14:08:23","date_gmt":"2025-07-11T14:08:23","guid":{"rendered":"https:\/\/marinalizarraldepsicologa.rkinformatika.online\/?page_id=16"},"modified":"2025-09-15T09:32:23","modified_gmt":"2025-09-15T09:32:23","slug":"terapia-psicologica","status":"publish","type":"page","link":"https:\/\/marinalizarraldepsicologa.com\/en\/terapia-psicologica\/","title":{"rendered":"Psychological therapy"},"content":{"rendered":"<div data-elementor-type=\"wp-page\" data-elementor-id=\"16\" class=\"elementor elementor-16\" data-elementor-post-type=\"page\">\n\t\t\t\t<div class=\"elementor-element elementor-element-59d636e e-flex e-con-boxed e-con e-parent\" data-id=\"59d636e\" data-element_type=\"container\" data-e-type=\"container\" data-settings=\"{&quot;background_background&quot;:&quot;classic&quot;}\">\n\t\t\t\t\t<div class=\"e-con-inner\">\n\t\t\t\t<div class=\"elementor-element elementor-element-5c3ca25 elementor-widget elementor-widget-heading\" data-id=\"5c3ca25\" data-element_type=\"widget\" data-e-type=\"widget\" data-widget_type=\"heading.default\">\n\t\t\t\t\t<h2 class=\"elementor-heading-title elementor-size-default\">Psychological therapy<\/h2>\t\t\t\t<\/div>\n\t\t\t\t<div class=\"elementor-element elementor-element-a9a6fbb elementor-widget elementor-widget-text-editor\" data-id=\"a9a6fbb\" data-element_type=\"widget\" data-e-type=\"widget\" data-widget_type=\"text-editor.default\">\n\t\t\t\t\t\t\t\t\t<p>Ni\u00f1os\/as, adolescentes, adultos\/as y familias.<br \/>Sesiones de psicolog\u00eda cl\u00ednica y sanitaria.<\/p>\t\t\t\t\t\t\t\t<\/div>\n\t\t\t\t\t<\/div>\n\t\t\t\t<\/div>\n\t\t<div class=\"elementor-element elementor-element-2de1a72 e-flex e-con-boxed e-con e-parent\" data-id=\"2de1a72\" data-element_type=\"container\" data-e-type=\"container\" data-settings=\"{&quot;background_background&quot;:&quot;classic&quot;}\">\n\t\t\t\t\t<div class=\"e-con-inner\">\n\t\t\t\t<div class=\"elementor-element elementor-element-b5af54c elementor-widget-divider--view-line elementor-widget elementor-widget-divider\" data-id=\"b5af54c\" data-element_type=\"widget\" data-e-type=\"widget\" data-widget_type=\"divider.default\">\n\t\t\t\t\t\t\t<div class=\"elementor-divider\">\n\t\t\t<span class=\"elementor-divider-separator\">\n\t\t\t\t\t\t<\/span>\n\t\t<\/div>\n\t\t\t\t\t\t<\/div>\n\t\t\t\t\t<\/div>\n\t\t\t\t<\/div>\n\t\t<div class=\"elementor-element elementor-element-00f49f3 e-flex e-con-boxed e-con e-parent\" data-id=\"00f49f3\" data-element_type=\"container\" data-e-type=\"container\">\n\t\t\t\t\t<div class=\"e-con-inner\">\n\t\t<div class=\"elementor-element elementor-element-832419a e-con-full e-flex e-con e-child\" data-id=\"832419a\" data-element_type=\"container\" data-e-type=\"container\">\n\t\t\t\t<div class=\"elementor-element elementor-element-af2561f elementor-widget elementor-widget-heading\" data-id=\"af2561f\" data-element_type=\"widget\" data-e-type=\"widget\" data-widget_type=\"heading.default\">\n\t\t\t\t\t<h2 class=\"elementor-heading-title elementor-size-default\">Terapia presencial<\/h2>\t\t\t\t<\/div>\n\t\t\t\t<div class=\"elementor-element elementor-element-3b6f37a elementor-widget elementor-widget-heading\" data-id=\"3b6f37a\" data-element_type=\"widget\" data-e-type=\"widget\" data-widget_type=\"heading.default\">\n\t\t\t\t\t<h2 class=\"elementor-heading-title elementor-size-default\">Espacio que permitir\u00e1 que sientas que es tu\nlugar para apoyarte en lo que necesites.<\/h2>\t\t\t\t<\/div>\n\t\t\t\t<div class=\"elementor-element elementor-element-6ae1175 elementor-widget elementor-widget-image\" data-id=\"6ae1175\" data-element_type=\"widget\" data-e-type=\"widget\" data-widget_type=\"image.default\">\n\t\t\t\t\t\t\t\t\t\t\t\t\t\t\t<img fetchpriority=\"high\" decoding=\"async\" width=\"612\" height=\"408\" src=\"https:\/\/marinalizarraldepsicologa.com\/wp-content\/uploads\/2025\/08\/Adolescente-pensando.jpg\" class=\"attachment-large size-large wp-image-571\" alt=\"\" srcset=\"https:\/\/marinalizarraldepsicologa.com\/wp-content\/uploads\/2025\/08\/Adolescente-pensando.jpg 612w, https:\/\/marinalizarraldepsicologa.com\/wp-content\/uploads\/2025\/08\/Adolescente-pensando-300x200.jpg 300w, https:\/\/marinalizarraldepsicologa.com\/wp-content\/uploads\/2025\/08\/Adolescente-pensando-18x12.jpg 18w\" sizes=\"(max-width: 612px) 100vw, 612px\" \/>\t\t\t\t\t\t\t\t\t\t\t\t\t\t\t<\/div>\n\t\t\t\t<\/div>\n\t\t<div class=\"elementor-element elementor-element-7f5f3df e-con-full e-flex e-con e-child\" data-id=\"7f5f3df\" data-element_type=\"container\" data-e-type=\"container\">\n\t\t\t\t<div class=\"elementor-element elementor-element-33737c3 elementor-widget elementor-widget-heading\" data-id=\"33737c3\" data-element_type=\"widget\" data-e-type=\"widget\" data-widget_type=\"heading.default\">\n\t\t\t\t\t<h2 class=\"elementor-heading-title elementor-size-default\">Consultas online<\/h2>\t\t\t\t<\/div>\n\t\t\t\t<div class=\"elementor-element elementor-element-3dfce0a elementor-widget elementor-widget-heading\" data-id=\"3dfce0a\" data-element_type=\"widget\" data-e-type=\"widget\" data-widget_type=\"heading.default\">\n\t\t\t\t\t<h2 class=\"elementor-heading-title elementor-size-default\">Una alternativa flexible y eficaz para quienes lo necesiten. Sesiones mediante aplicaciones\nseguras.<\/h2>\t\t\t\t<\/div>\n\t\t\t\t<div class=\"elementor-element elementor-element-6caaf0b elementor-widget elementor-widget-image\" data-id=\"6caaf0b\" data-element_type=\"widget\" data-e-type=\"widget\" data-widget_type=\"image.default\">\n\t\t\t\t\t\t\t\t\t\t\t\t\t\t\t<img decoding=\"async\" width=\"800\" height=\"332\" src=\"https:\/\/marinalizarraldepsicologa.com\/wp-content\/uploads\/2025\/08\/Terapia-online.jpg\" class=\"attachment-large size-large wp-image-502\" alt=\"\" srcset=\"https:\/\/marinalizarraldepsicologa.com\/wp-content\/uploads\/2025\/08\/Terapia-online.jpg 940w, https:\/\/marinalizarraldepsicologa.com\/wp-content\/uploads\/2025\/08\/Terapia-online-300x124.jpg 300w, https:\/\/marinalizarraldepsicologa.com\/wp-content\/uploads\/2025\/08\/Terapia-online-768x319.jpg 768w, https:\/\/marinalizarraldepsicologa.com\/wp-content\/uploads\/2025\/08\/Terapia-online-18x7.jpg 18w\" sizes=\"(max-width: 800px) 100vw, 800px\" \/>\t\t\t\t\t\t\t\t\t\t\t\t\t\t\t<\/div>\n\t\t\t\t<\/div>\n\t\t\t\t\t<\/div>\n\t\t\t\t<\/div>\n\t\t<div class=\"elementor-element elementor-element-bde70ee e-flex e-con-boxed e-con e-parent\" data-id=\"bde70ee\" data-element_type=\"container\" data-e-type=\"container\">\n\t\t\t\t\t<div class=\"e-con-inner\">\n\t\t\t\t<div class=\"elementor-element elementor-element-33dffe6 elementor-widget elementor-widget-text-editor\" data-id=\"33dffe6\" data-element_type=\"widget\" data-e-type=\"widget\" data-widget_type=\"text-editor.default\">\n\t\t\t\t\t\t\t\t\t<p>Actualmente, colaboro con dos gabinetes de psicolog\u00eda. Puedes encontrarme presencialmente en:<\/p>\t\t\t\t\t\t\t\t<\/div>\n\t\t\t\t<div class=\"elementor-element elementor-element-583e5ca elementor-widget__width-initial elementor-widget elementor-widget-text-editor\" data-id=\"583e5ca\" data-element_type=\"widget\" data-e-type=\"widget\" data-widget_type=\"text-editor.default\">\n\t\t\t\t\t\t\t\t\t<p>&#8211;\u00a0 \u00a0Col\u00f3n de Larre\u00e1tegui, 26 Bajo B, Edificio Jado. 48009, Bilbao (Bizkaia).<\/p><p>&#8211;\u00a0 \u00a0Askatasun Etorbidea N.\u00ba4. 48200, Durango (Bizkaia).<\/p>\t\t\t\t\t\t\t\t<\/div>\n\t\t\t\t\t<\/div>\n\t\t\t\t<\/div>\n\t\t<div class=\"elementor-element elementor-element-0fbc715 e-flex e-con-boxed e-con e-parent\" data-id=\"0fbc715\" data-element_type=\"container\" data-e-type=\"container\">\n\t\t\t\t\t<div class=\"e-con-inner\">\n\t\t\t\t<div class=\"elementor-element elementor-element-ae1ce6e elementor-widget elementor-widget-text-editor\" data-id=\"ae1ce6e\" data-element_type=\"widget\" data-e-type=\"widget\" data-widget_type=\"text-editor.default\">\n\t\t\t\t\t\t\t\t\t<p><a href=\"https:\/\/marinalizarraldepsicologa.com\/en\/contacto\/\"><strong>Cont\u00e1ctame<\/strong><\/a> para preguntar lo que necesites o consultar el m\u00e9todo de trabajo.<\/p>\t\t\t\t\t\t\t\t<\/div>\n\t\t\t\t\t<\/div>\n\t\t\t\t<\/div>\n\t\t\t\t<\/div>","protected":false},"excerpt":{"rendered":"<p>Terapia psicol\u00f3gica Ni\u00f1os\/as, adolescentes, adultos\/as y familias.Sesiones de psicolog\u00eda cl\u00ednica y sanitaria. Terapia presencial Espacio que permitir\u00e1 que sientas que es tu lugar para apoyarte en lo que necesites. Consultas online Una alternativa flexible y eficaz para quienes lo necesiten. Sesiones mediante aplicaciones seguras. Actualmente, colaboro con dos gabinetes de psicolog\u00eda. Puedes encontrarme presencialmente en: [&hellip;]<\/p>\n","protected":false},"author":1,"featured_media":0,"parent":0,"menu_order":0,"comment_status":"closed","ping_status":"closed","template":"elementor_canvas","meta":{"footnotes":""},"class_list":["post-16","page","type-page","status-publish","hentry"],"yoast_head":"<!-- This site is optimized with the Yoast SEO plugin v27.3 - https:\/\/yoast.com\/product\/yoast-seo-wordpress\/ -->\n<title>Terapia psicol\u00f3gica - Marina Lizarralde Psic\u00f3loga<\/title>\n<meta name=\"robots\" content=\"index, follow, max-snippet:-1, max-image-preview:large, max-video-preview:-1\" \/>\n<link rel=\"canonical\" href=\"https:\/\/marinalizarraldepsicologa.com\/en\/terapia-psicologica\/\" \/>\n<meta property=\"og:locale\" content=\"en_GB\" \/>\n<meta property=\"og:type\" content=\"article\" \/>\n<meta property=\"og:title\" content=\"Terapia psicol\u00f3gica - Marina Lizarralde Psic\u00f3loga\" \/>\n<meta property=\"og:description\" content=\"Terapia psicol\u00f3gica Ni\u00f1os\/as, adolescentes, adultos\/as y familias.Sesiones de psicolog\u00eda cl\u00ednica y sanitaria. Terapia presencial Espacio que permitir\u00e1 que sientas que es tu lugar para apoyarte en lo que necesites. Consultas online Una alternativa flexible y eficaz para quienes lo necesiten. Sesiones mediante aplicaciones seguras. Actualmente, colaboro con dos gabinetes de psicolog\u00eda. Puedes encontrarme presencialmente en: [&hellip;]\" \/>\n<meta property=\"og:url\" content=\"https:\/\/marinalizarraldepsicologa.com\/en\/terapia-psicologica\/\" \/>\n<meta property=\"og:site_name\" content=\"Marina Lizarralde Psic\u00f3loga\" \/>\n<meta property=\"article:modified_time\" content=\"2025-09-15T09:32:23+00:00\" \/>\n<meta property=\"og:image\" content=\"https:\/\/marinalizarraldepsicologa.com\/wp-content\/uploads\/2025\/08\/Adolescente-pensando.jpg\" \/>\n<meta name=\"twitter:card\" content=\"summary_large_image\" \/>\n<meta name=\"twitter:label1\" content=\"Estimated reading time\" \/>\n\t<meta name=\"twitter:data1\" content=\"1 minute\" \/>\n<script type=\"application\/ld+json\" class=\"yoast-schema-graph\">{\"@context\":\"https:\\\/\\\/schema.org\",\"@graph\":[{\"@type\":\"WebPage\",\"@id\":\"https:\\\/\\\/marinalizarraldepsicologa.com\\\/terapia-psicologica\\\/\",\"url\":\"https:\\\/\\\/marinalizarraldepsicologa.com\\\/terapia-psicologica\\\/\",\"name\":\"Terapia psicol\u00f3gica - Marina Lizarralde Psic\u00f3loga\",\"isPartOf\":{\"@id\":\"https:\\\/\\\/marinalizarraldepsicologa.com\\\/#website\"},\"primaryImageOfPage\":{\"@id\":\"https:\\\/\\\/marinalizarraldepsicologa.com\\\/terapia-psicologica\\\/#primaryimage\"},\"image\":{\"@id\":\"https:\\\/\\\/marinalizarraldepsicologa.com\\\/terapia-psicologica\\\/#primaryimage\"},\"thumbnailUrl\":\"https:\\\/\\\/marinalizarraldepsicologa.com\\\/wp-content\\\/uploads\\\/2025\\\/08\\\/Adolescente-pensando.jpg\",\"datePublished\":\"2025-07-11T14:08:23+00:00\",\"dateModified\":\"2025-09-15T09:32:23+00:00\",\"breadcrumb\":{\"@id\":\"https:\\\/\\\/marinalizarraldepsicologa.com\\\/terapia-psicologica\\\/#breadcrumb\"},\"inLanguage\":\"en-GB\",\"potentialAction\":[{\"@type\":\"ReadAction\",\"target\":[\"https:\\\/\\\/marinalizarraldepsicologa.com\\\/terapia-psicologica\\\/\"]}]},{\"@type\":\"ImageObject\",\"inLanguage\":\"en-GB\",\"@id\":\"https:\\\/\\\/marinalizarraldepsicologa.com\\\/terapia-psicologica\\\/#primaryimage\",\"url\":\"https:\\\/\\\/marinalizarraldepsicologa.com\\\/wp-content\\\/uploads\\\/2025\\\/08\\\/Adolescente-pensando.jpg\",\"contentUrl\":\"https:\\\/\\\/marinalizarraldepsicologa.com\\\/wp-content\\\/uploads\\\/2025\\\/08\\\/Adolescente-pensando.jpg\"},{\"@type\":\"BreadcrumbList\",\"@id\":\"https:\\\/\\\/marinalizarraldepsicologa.com\\\/terapia-psicologica\\\/#breadcrumb\",\"itemListElement\":[{\"@type\":\"ListItem\",\"position\":1,\"name\":\"Portada\",\"item\":\"https:\\\/\\\/marinalizarraldepsicologa.com\\\/\"},{\"@type\":\"ListItem\",\"position\":2,\"name\":\"Terapia psicol\u00f3gica\"}]},{\"@type\":\"WebSite\",\"@id\":\"https:\\\/\\\/marinalizarraldepsicologa.com\\\/#website\",\"url\":\"https:\\\/\\\/marinalizarraldepsicologa.com\\\/\",\"name\":\"Marina Lizarralde Psic\u00f3loga\",\"description\":\"Psicolog\u00eda Sanitaria\",\"publisher\":{\"@id\":\"https:\\\/\\\/marinalizarraldepsicologa.com\\\/#organization\"},\"potentialAction\":[{\"@type\":\"SearchAction\",\"target\":{\"@type\":\"EntryPoint\",\"urlTemplate\":\"https:\\\/\\\/marinalizarraldepsicologa.com\\\/?s={search_term_string}\"},\"query-input\":{\"@type\":\"PropertyValueSpecification\",\"valueRequired\":true,\"valueName\":\"search_term_string\"}}],\"inLanguage\":\"en-GB\"},{\"@type\":\"Organization\",\"@id\":\"https:\\\/\\\/marinalizarraldepsicologa.com\\\/#organization\",\"name\":\"Marina Lizarralde Psic\u00f3loga\",\"url\":\"https:\\\/\\\/marinalizarraldepsicologa.com\\\/\",\"logo\":{\"@type\":\"ImageObject\",\"inLanguage\":\"en-GB\",\"@id\":\"https:\\\/\\\/marinalizarraldepsicologa.com\\\/#\\\/schema\\\/logo\\\/image\\\/\",\"url\":\"https:\\\/\\\/marinalizarraldepsicologa.com\\\/wp-content\\\/uploads\\\/2025\\\/08\\\/cropped-Diseno-sin-titulo-1.png\",\"contentUrl\":\"https:\\\/\\\/marinalizarraldepsicologa.com\\\/wp-content\\\/uploads\\\/2025\\\/08\\\/cropped-Diseno-sin-titulo-1.png\",\"width\":448,\"height\":112,\"caption\":\"Marina Lizarralde Psic\u00f3loga \"},\"image\":{\"@id\":\"https:\\\/\\\/marinalizarraldepsicologa.com\\\/#\\\/schema\\\/logo\\\/image\\\/\"}}]}<\/script>\n<!-- \/ Yoast SEO plugin. -->","yoast_head_json":{"title":"Terapia psicol\u00f3gica - Marina Lizarralde Psic\u00f3loga","robots":{"index":"index","follow":"follow","max-snippet":"max-snippet:-1","max-image-preview":"max-image-preview:large","max-video-preview":"max-video-preview:-1"},"canonical":"https:\/\/marinalizarraldepsicologa.com\/en\/terapia-psicologica\/","og_locale":"en_GB","og_type":"article","og_title":"Terapia psicol\u00f3gica - Marina Lizarralde Psic\u00f3loga","og_description":"Terapia psicol\u00f3gica Ni\u00f1os\/as, adolescentes, adultos\/as y familias.Sesiones de psicolog\u00eda cl\u00ednica y sanitaria. Terapia presencial Espacio que permitir\u00e1 que sientas que es tu lugar para apoyarte en lo que necesites. Consultas online Una alternativa flexible y eficaz para quienes lo necesiten. Sesiones mediante aplicaciones seguras. Actualmente, colaboro con dos gabinetes de psicolog\u00eda. Puedes encontrarme presencialmente en: [&hellip;]","og_url":"https:\/\/marinalizarraldepsicologa.com\/en\/terapia-psicologica\/","og_site_name":"Marina Lizarralde Psic\u00f3loga","article_modified_time":"2025-09-15T09:32:23+00:00","og_image":[{"url":"https:\/\/marinalizarraldepsicologa.com\/wp-content\/uploads\/2025\/08\/Adolescente-pensando.jpg","type":"","width":"","height":""}],"twitter_card":"summary_large_image","twitter_misc":{"Estimated reading time":"1 minute"},"schema":{"@context":"https:\/\/schema.org","@graph":[{"@type":"WebPage","@id":"https:\/\/marinalizarraldepsicologa.com\/terapia-psicologica\/","url":"https:\/\/marinalizarraldepsicologa.com\/terapia-psicologica\/","name":"Terapia psicol\u00f3gica - Marina Lizarralde Psic\u00f3loga","isPartOf":{"@id":"https:\/\/marinalizarraldepsicologa.com\/#website"},"primaryImageOfPage":{"@id":"https:\/\/marinalizarraldepsicologa.com\/terapia-psicologica\/#primaryimage"},"image":{"@id":"https:\/\/marinalizarraldepsicologa.com\/terapia-psicologica\/#primaryimage"},"thumbnailUrl":"https:\/\/marinalizarraldepsicologa.com\/wp-content\/uploads\/2025\/08\/Adolescente-pensando.jpg","datePublished":"2025-07-11T14:08:23+00:00","dateModified":"2025-09-15T09:32:23+00:00","breadcrumb":{"@id":"https:\/\/marinalizarraldepsicologa.com\/terapia-psicologica\/#breadcrumb"},"inLanguage":"en-GB","potentialAction":[{"@type":"ReadAction","target":["https:\/\/marinalizarraldepsicologa.com\/terapia-psicologica\/"]}]},{"@type":"ImageObject","inLanguage":"en-GB","@id":"https:\/\/marinalizarraldepsicologa.com\/terapia-psicologica\/#primaryimage","url":"https:\/\/marinalizarraldepsicologa.com\/wp-content\/uploads\/2025\/08\/Adolescente-pensando.jpg","contentUrl":"https:\/\/marinalizarraldepsicologa.com\/wp-content\/uploads\/2025\/08\/Adolescente-pensando.jpg"},{"@type":"BreadcrumbList","@id":"https:\/\/marinalizarraldepsicologa.com\/terapia-psicologica\/#breadcrumb","itemListElement":[{"@type":"ListItem","position":1,"name":"Portada","item":"https:\/\/marinalizarraldepsicologa.com\/"},{"@type":"ListItem","position":2,"name":"Terapia psicol\u00f3gica"}]},{"@type":"WebSite","@id":"https:\/\/marinalizarraldepsicologa.com\/#website","url":"https:\/\/marinalizarraldepsicologa.com\/","name":"Marina Lizarralde Psic\u00f3loga","description":"Psicolog\u00eda Sanitaria","publisher":{"@id":"https:\/\/marinalizarraldepsicologa.com\/#organization"},"potentialAction":[{"@type":"SearchAction","target":{"@type":"EntryPoint","urlTemplate":"https:\/\/marinalizarraldepsicologa.com\/?s={search_term_string}"},"query-input":{"@type":"PropertyValueSpecification","valueRequired":true,"valueName":"search_term_string"}}],"inLanguage":"en-GB"},{"@type":"Organization","@id":"https:\/\/marinalizarraldepsicologa.com\/#organization","name":"Marina Lizarralde Psic\u00f3loga","url":"https:\/\/marinalizarraldepsicologa.com\/","logo":{"@type":"ImageObject","inLanguage":"en-GB","@id":"https:\/\/marinalizarraldepsicologa.com\/#\/schema\/logo\/image\/","url":"https:\/\/marinalizarraldepsicologa.com\/wp-content\/uploads\/2025\/08\/cropped-Diseno-sin-titulo-1.png","contentUrl":"https:\/\/marinalizarraldepsicologa.com\/wp-content\/uploads\/2025\/08\/cropped-Diseno-sin-titulo-1.png","width":448,"height":112,"caption":"Marina Lizarralde Psic\u00f3loga "},"image":{"@id":"https:\/\/marinalizarraldepsicologa.com\/#\/schema\/logo\/image\/"}}]}},"_links":{"self":[{"href":"https:\/\/marinalizarraldepsicologa.com\/en\/wp-json\/wp\/v2\/pages\/16","targetHints":{"allow":["GET"]}}],"collection":[{"href":"https:\/\/marinalizarraldepsicologa.com\/en\/wp-json\/wp\/v2\/pages"}],"about":[{"href":"https:\/\/marinalizarraldepsicologa.com\/en\/wp-json\/wp\/v2\/types\/page"}],"author":[{"embeddable":true,"href":"https:\/\/marinalizarraldepsicologa.com\/en\/wp-json\/wp\/v2\/users\/1"}],"replies":[{"embeddable":true,"href":"https:\/\/marinalizarraldepsicologa.com\/en\/wp-json\/wp\/v2\/comments?post=16"}],"version-history":[{"count":281,"href":"https:\/\/marinalizarraldepsicologa.com\/en\/wp-json\/wp\/v2\/pages\/16\/revisions"}],"predecessor-version":[{"id":1760,"href":"https:\/\/marinalizarraldepsicologa.com\/en\/wp-json\/wp\/v2\/pages\/16\/revisions\/1760"}],"wp:attachment":[{"href":"https:\/\/marinalizarraldepsicologa.com\/en\/wp-json\/wp\/v2\/media?parent=16"}],"curies":[{"name":"wp","href":"https:\/\/api.w.org\/{rel}","templated":true}]}}