{"id":33,"date":"2025-07-11T14:31:18","date_gmt":"2025-07-11T14:31:18","guid":{"rendered":"https:\/\/marinalizarraldepsicologa.rkinformatika.online\/?page_id=33"},"modified":"2025-09-16T08:56:45","modified_gmt":"2025-09-16T08:56:45","slug":"charlas","status":"publish","type":"page","link":"https:\/\/marinalizarraldepsicologa.com\/en\/charlas\/","title":{"rendered":"Talks"},"content":{"rendered":"<div data-elementor-type=\"wp-page\" data-elementor-id=\"33\" class=\"elementor elementor-33\" data-elementor-post-type=\"page\">\n\t\t\t\t<div class=\"elementor-element elementor-element-193a8fc e-flex e-con-boxed e-con e-parent\" data-id=\"193a8fc\" data-element_type=\"container\" data-e-type=\"container\">\n\t\t\t\t\t<div class=\"e-con-inner\">\n\t\t\t\t<div class=\"elementor-element elementor-element-4aac249 elementor-widget elementor-widget-heading\" data-id=\"4aac249\" data-element_type=\"widget\" data-e-type=\"widget\" data-widget_type=\"heading.default\">\n\t\t\t\t\t<h2 class=\"elementor-heading-title elementor-size-default\">Charlas a alumnado. Escuelas de padres y madres.<\/h2>\t\t\t\t<\/div>\n\t\t\t\t<div class=\"elementor-element elementor-element-74a3561 elementor-widget elementor-widget-heading\" data-id=\"74a3561\" data-element_type=\"widget\" data-e-type=\"widget\" data-widget_type=\"heading.default\">\n\t\t\t\t\t<h2 class=\"elementor-heading-title elementor-size-default\">Colaboraci\u00f3n con centros educativos en programas preventivos.<\/h2>\t\t\t\t<\/div>\n\t\t\t\t\t<\/div>\n\t\t\t\t<\/div>\n\t\t<div class=\"elementor-element elementor-element-8f86f84 e-flex e-con-boxed e-con e-parent\" data-id=\"8f86f84\" data-element_type=\"container\" data-e-type=\"container\" data-settings=\"{&quot;background_background&quot;:&quot;classic&quot;}\">\n\t\t\t\t\t<div class=\"e-con-inner\">\n\t\t\t\t<div class=\"elementor-element elementor-element-033c0a0 elementor-widget-divider--view-line elementor-widget elementor-widget-divider\" data-id=\"033c0a0\" data-element_type=\"widget\" data-e-type=\"widget\" data-widget_type=\"divider.default\">\n\t\t\t\t\t\t\t<div class=\"elementor-divider\">\n\t\t\t<span class=\"elementor-divider-separator\">\n\t\t\t\t\t\t<\/span>\n\t\t<\/div>\n\t\t\t\t\t\t<\/div>\n\t\t\t\t\t<\/div>\n\t\t\t\t<\/div>\n\t\t<div class=\"elementor-element elementor-element-7c5d780 e-flex e-con-boxed e-con e-parent\" data-id=\"7c5d780\" data-element_type=\"container\" data-e-type=\"container\">\n\t\t\t\t\t<div class=\"e-con-inner\">\n\t\t<div class=\"elementor-element elementor-element-a713c93 e-con-full e-flex e-con e-child\" data-id=\"a713c93\" data-element_type=\"container\" data-e-type=\"container\">\n\t\t\t\t<div class=\"elementor-element elementor-element-f56ca20 elementor-widget elementor-widget-text-editor\" data-id=\"f56ca20\" data-element_type=\"widget\" data-e-type=\"widget\" data-widget_type=\"text-editor.default\">\n\t\t\t\t\t\t\t\t\t<p><strong>Dirigido a alumnos\/as de Educaci\u00f3n Primaria, Secundaria y Bachillerato<\/strong>, centradas en la promoci\u00f3n de la salud y el bienestar.<\/p>\t\t\t\t\t\t\t\t<\/div>\n\t\t\t\t<div class=\"elementor-element elementor-element-ea1c714 elementor-widget elementor-widget-text-editor\" data-id=\"ea1c714\" data-element_type=\"widget\" data-e-type=\"widget\" data-widget_type=\"text-editor.default\">\n\t\t\t\t\t\t\t\t\t<p data-start=\"1013\" data-end=\"1051\">Intervenciones preventivas en el aula sobre:<\/p><p data-start=\"1013\" data-end=\"1051\">\u00a0<\/p><p>\u25cf Prevenci\u00f3n de consumos de t\u00f3xicos y adictivos.<br \/>\u25cf Prevenci\u00f3n del acoso escolar.<br \/>\u25cf Fomentar el buen uso de las redes sociales, los m\u00f3viles y las pantallas.<br \/>\u25cf Orientaci\u00f3n vocacional y esp\u00edritu cr\u00edtico.<br \/>\u25cf Aprender estrategias de estudio efectivas y eficaces.<br \/>\u25cf T\u00e9cnicas para controlar el estr\u00e9s y la ansiedad.<\/p>\t\t\t\t\t\t\t\t<\/div>\n\t\t\t\t<div class=\"elementor-element elementor-element-1ea0c3e elementor-invisible elementor-widget elementor-widget-image\" data-id=\"1ea0c3e\" data-element_type=\"widget\" data-e-type=\"widget\" data-settings=\"{&quot;_animation&quot;:&quot;fadeInDown&quot;}\" data-widget_type=\"image.default\">\n\t\t\t\t\t\t\t\t\t\t\t\t\t\t\t<img fetchpriority=\"high\" decoding=\"async\" width=\"800\" height=\"534\" src=\"https:\/\/marinalizarraldepsicologa.com\/wp-content\/uploads\/2025\/08\/Charla-1024x683.jpg\" class=\"attachment-large size-large wp-image-676\" alt=\"\" srcset=\"https:\/\/marinalizarraldepsicologa.com\/wp-content\/uploads\/2025\/08\/Charla-1024x683.jpg 1024w, https:\/\/marinalizarraldepsicologa.com\/wp-content\/uploads\/2025\/08\/Charla-300x200.jpg 300w, https:\/\/marinalizarraldepsicologa.com\/wp-content\/uploads\/2025\/08\/Charla-768x512.jpg 768w, https:\/\/marinalizarraldepsicologa.com\/wp-content\/uploads\/2025\/08\/Charla-1536x1024.jpg 1536w, https:\/\/marinalizarraldepsicologa.com\/wp-content\/uploads\/2025\/08\/Charla-2048x1365.jpg 2048w, https:\/\/marinalizarraldepsicologa.com\/wp-content\/uploads\/2025\/08\/Charla-18x12.jpg 18w\" sizes=\"(max-width: 800px) 100vw, 800px\" \/>\t\t\t\t\t\t\t\t\t\t\t\t\t\t\t<\/div>\n\t\t\t\t<\/div>\n\t\t<div class=\"elementor-element elementor-element-4b4f4d2 e-con-full e-flex e-con e-child\" data-id=\"4b4f4d2\" data-element_type=\"container\" data-e-type=\"container\">\n\t\t\t\t<div class=\"elementor-element elementor-element-01f5218 elementor-widget elementor-widget-text-editor\" data-id=\"01f5218\" data-element_type=\"widget\" data-e-type=\"widget\" data-widget_type=\"text-editor.default\">\n\t\t\t\t\t\t\t\t\t<p><strong>Dirigido a las familias<\/strong>, brindado apoyo en relaci\u00f3n a la educaci\u00f3n de sus hijos\/as. Pautas para la infancia y la adolescencia.<\/p>\t\t\t\t\t\t\t\t<\/div>\n\t\t\t\t<div class=\"elementor-element elementor-element-559c32a elementor-widget elementor-widget-text-editor\" data-id=\"559c32a\" data-element_type=\"widget\" data-e-type=\"widget\" data-widget_type=\"text-editor.default\">\n\t\t\t\t\t\t\t\t\t<p data-start=\"1013\" data-end=\"1051\">Escuela de padres y madres. Pautas sobre:<\/p><p data-start=\"1013\" data-end=\"1051\">\u00a0<\/p><p data-start=\"1013\" data-end=\"1051\">\u25cf Establecimiento de normas y l\u00edmites en la convivencia familiar.<br \/>\u25cf Estrategias para comunicarse y fortalecer la relaci\u00f3n.<br \/>\u25cf Claves para hacer frente a la frustraci\u00f3n, el estr\u00e9s o la sobrecarga parental.<br \/>\u25cf Prevenci\u00f3n del uso inadecuado de las pantallas y contenidos que afectan al desarrollo.<br \/>\u25cf Intervenci\u00f3n ante el consumo temprano de sustancias como el alcohol y las drogas.<\/p>\t\t\t\t\t\t\t\t<\/div>\n\t\t\t\t<div class=\"elementor-element elementor-element-26357e3 elementor-invisible elementor-widget elementor-widget-image\" data-id=\"26357e3\" data-element_type=\"widget\" data-e-type=\"widget\" data-settings=\"{&quot;_animation&quot;:&quot;fadeInDown&quot;}\" data-widget_type=\"image.default\">\n\t\t\t\t\t\t\t\t\t\t\t\t\t\t\t<img decoding=\"async\" width=\"1707\" height=\"2560\" src=\"https:\/\/marinalizarraldepsicologa.com\/wp-content\/uploads\/2025\/08\/Madre-scaled.jpg\" class=\"attachment-full size-full wp-image-691\" alt=\"\" srcset=\"https:\/\/marinalizarraldepsicologa.com\/wp-content\/uploads\/2025\/08\/Madre-scaled.jpg 1707w, https:\/\/marinalizarraldepsicologa.com\/wp-content\/uploads\/2025\/08\/Madre-200x300.jpg 200w, https:\/\/marinalizarraldepsicologa.com\/wp-content\/uploads\/2025\/08\/Madre-683x1024.jpg 683w, https:\/\/marinalizarraldepsicologa.com\/wp-content\/uploads\/2025\/08\/Madre-768x1152.jpg 768w, https:\/\/marinalizarraldepsicologa.com\/wp-content\/uploads\/2025\/08\/Madre-1024x1536.jpg 1024w, https:\/\/marinalizarraldepsicologa.com\/wp-content\/uploads\/2025\/08\/Madre-1365x2048.jpg 1365w, https:\/\/marinalizarraldepsicologa.com\/wp-content\/uploads\/2025\/08\/Madre-8x12.jpg 8w\" sizes=\"(max-width: 1707px) 100vw, 1707px\" \/>\t\t\t\t\t\t\t\t\t\t\t\t\t\t\t<\/div>\n\t\t\t\t<\/div>\n\t\t\t\t\t<\/div>\n\t\t\t\t<\/div>\n\t\t<div class=\"elementor-element elementor-element-f6e3b74 e-flex e-con-boxed e-con e-parent\" data-id=\"f6e3b74\" data-element_type=\"container\" data-e-type=\"container\">\n\t\t\t\t\t<div class=\"e-con-inner\">\n\t\t\t\t<div class=\"elementor-element elementor-element-342e203 elementor-widget elementor-widget-text-editor\" data-id=\"342e203\" data-element_type=\"widget\" data-e-type=\"widget\" data-widget_type=\"text-editor.default\">\n\t\t\t\t\t\t\t\t\t<p><a href=\"https:\/\/marinalizarraldepsicologa.com\/en\/contacto\/\"><strong>Cont\u00e1ctame<\/strong><\/a> para acordar una propuesta.<\/p>\t\t\t\t\t\t\t\t<\/div>\n\t\t\t\t\t<\/div>\n\t\t\t\t<\/div>\n\t\t<div class=\"elementor-element elementor-element-7c29051 e-flex e-con-boxed e-con e-parent\" data-id=\"7c29051\" data-element_type=\"container\" data-e-type=\"container\">\n\t\t\t\t\t<div class=\"e-con-inner\">\n\t\t\t\t\t<\/div>\n\t\t\t\t<\/div>\n\t\t<div class=\"elementor-element elementor-element-9bc87b7 e-flex e-con-boxed e-con e-parent\" data-id=\"9bc87b7\" data-element_type=\"container\" data-e-type=\"container\">\n\t\t\t\t\t<div class=\"e-con-inner\">\n\t\t\t\t\t<\/div>\n\t\t\t\t<\/div>\n\t\t\t\t<\/div>","protected":false},"excerpt":{"rendered":"<p>Charlas a alumnado. Escuelas de padres y madres. Colaboraci\u00f3n con centros educativos en programas preventivos. Dirigido a alumnos\/as de Educaci\u00f3n Primaria, Secundaria y Bachillerato, centradas en la promoci\u00f3n de la salud y el bienestar. Intervenciones preventivas en el aula sobre: \u00a0 \u25cf Prevenci\u00f3n de consumos de t\u00f3xicos y adictivos.\u25cf Prevenci\u00f3n del acoso escolar.\u25cf Fomentar el [&hellip;]<\/p>\n","protected":false},"author":1,"featured_media":0,"parent":0,"menu_order":0,"comment_status":"closed","ping_status":"closed","template":"elementor_canvas","meta":{"footnotes":""},"class_list":["post-33","page","type-page","status-publish","hentry"],"yoast_head":"<!-- This site is optimized with the Yoast SEO plugin v27.3 - https:\/\/yoast.com\/product\/yoast-seo-wordpress\/ -->\n<title>Charlas - Marina Lizarralde Psic\u00f3loga<\/title>\n<meta name=\"robots\" content=\"index, follow, max-snippet:-1, max-image-preview:large, max-video-preview:-1\" \/>\n<link rel=\"canonical\" href=\"https:\/\/marinalizarraldepsicologa.com\/en\/charlas\/\" \/>\n<meta property=\"og:locale\" content=\"en_GB\" \/>\n<meta property=\"og:type\" content=\"article\" \/>\n<meta property=\"og:title\" content=\"Charlas - Marina Lizarralde Psic\u00f3loga\" \/>\n<meta property=\"og:description\" content=\"Charlas a alumnado. Escuelas de padres y madres. Colaboraci\u00f3n con centros educativos en programas preventivos. Dirigido a alumnos\/as de Educaci\u00f3n Primaria, Secundaria y Bachillerato, centradas en la promoci\u00f3n de la salud y el bienestar. Intervenciones preventivas en el aula sobre: \u00a0 \u25cf Prevenci\u00f3n de consumos de t\u00f3xicos y adictivos.\u25cf Prevenci\u00f3n del acoso escolar.\u25cf Fomentar el [&hellip;]\" \/>\n<meta property=\"og:url\" content=\"https:\/\/marinalizarraldepsicologa.com\/en\/charlas\/\" \/>\n<meta property=\"og:site_name\" content=\"Marina Lizarralde Psic\u00f3loga\" \/>\n<meta property=\"article:modified_time\" content=\"2025-09-16T08:56:45+00:00\" \/>\n<meta property=\"og:image\" content=\"https:\/\/marinalizarraldepsicologa.com\/wp-content\/uploads\/2025\/08\/Charla-1024x683.jpg\" \/>\n<meta name=\"twitter:card\" content=\"summary_large_image\" \/>\n<meta name=\"twitter:label1\" content=\"Estimated reading time\" \/>\n\t<meta name=\"twitter:data1\" content=\"1 minute\" \/>\n<script type=\"application\/ld+json\" class=\"yoast-schema-graph\">{\"@context\":\"https:\\\/\\\/schema.org\",\"@graph\":[{\"@type\":\"WebPage\",\"@id\":\"https:\\\/\\\/marinalizarraldepsicologa.com\\\/charlas\\\/\",\"url\":\"https:\\\/\\\/marinalizarraldepsicologa.com\\\/charlas\\\/\",\"name\":\"Charlas - Marina Lizarralde Psic\u00f3loga\",\"isPartOf\":{\"@id\":\"https:\\\/\\\/marinalizarraldepsicologa.com\\\/#website\"},\"primaryImageOfPage\":{\"@id\":\"https:\\\/\\\/marinalizarraldepsicologa.com\\\/charlas\\\/#primaryimage\"},\"image\":{\"@id\":\"https:\\\/\\\/marinalizarraldepsicologa.com\\\/charlas\\\/#primaryimage\"},\"thumbnailUrl\":\"https:\\\/\\\/marinalizarraldepsicologa.com\\\/wp-content\\\/uploads\\\/2025\\\/08\\\/Charla-1024x683.jpg\",\"datePublished\":\"2025-07-11T14:31:18+00:00\",\"dateModified\":\"2025-09-16T08:56:45+00:00\",\"breadcrumb\":{\"@id\":\"https:\\\/\\\/marinalizarraldepsicologa.com\\\/charlas\\\/#breadcrumb\"},\"inLanguage\":\"en-GB\",\"potentialAction\":[{\"@type\":\"ReadAction\",\"target\":[\"https:\\\/\\\/marinalizarraldepsicologa.com\\\/charlas\\\/\"]}]},{\"@type\":\"ImageObject\",\"inLanguage\":\"en-GB\",\"@id\":\"https:\\\/\\\/marinalizarraldepsicologa.com\\\/charlas\\\/#primaryimage\",\"url\":\"https:\\\/\\\/marinalizarraldepsicologa.com\\\/wp-content\\\/uploads\\\/2025\\\/08\\\/Charla-1024x683.jpg\",\"contentUrl\":\"https:\\\/\\\/marinalizarraldepsicologa.com\\\/wp-content\\\/uploads\\\/2025\\\/08\\\/Charla-1024x683.jpg\"},{\"@type\":\"BreadcrumbList\",\"@id\":\"https:\\\/\\\/marinalizarraldepsicologa.com\\\/charlas\\\/#breadcrumb\",\"itemListElement\":[{\"@type\":\"ListItem\",\"position\":1,\"name\":\"Portada\",\"item\":\"https:\\\/\\\/marinalizarraldepsicologa.com\\\/\"},{\"@type\":\"ListItem\",\"position\":2,\"name\":\"Charlas\"}]},{\"@type\":\"WebSite\",\"@id\":\"https:\\\/\\\/marinalizarraldepsicologa.com\\\/#website\",\"url\":\"https:\\\/\\\/marinalizarraldepsicologa.com\\\/\",\"name\":\"Marina Lizarralde Psic\u00f3loga\",\"description\":\"Psicolog\u00eda Sanitaria\",\"publisher\":{\"@id\":\"https:\\\/\\\/marinalizarraldepsicologa.com\\\/#organization\"},\"potentialAction\":[{\"@type\":\"SearchAction\",\"target\":{\"@type\":\"EntryPoint\",\"urlTemplate\":\"https:\\\/\\\/marinalizarraldepsicologa.com\\\/?s={search_term_string}\"},\"query-input\":{\"@type\":\"PropertyValueSpecification\",\"valueRequired\":true,\"valueName\":\"search_term_string\"}}],\"inLanguage\":\"en-GB\"},{\"@type\":\"Organization\",\"@id\":\"https:\\\/\\\/marinalizarraldepsicologa.com\\\/#organization\",\"name\":\"Marina Lizarralde Psic\u00f3loga\",\"url\":\"https:\\\/\\\/marinalizarraldepsicologa.com\\\/\",\"logo\":{\"@type\":\"ImageObject\",\"inLanguage\":\"en-GB\",\"@id\":\"https:\\\/\\\/marinalizarraldepsicologa.com\\\/#\\\/schema\\\/logo\\\/image\\\/\",\"url\":\"https:\\\/\\\/marinalizarraldepsicologa.com\\\/wp-content\\\/uploads\\\/2025\\\/08\\\/cropped-Diseno-sin-titulo-1.png\",\"contentUrl\":\"https:\\\/\\\/marinalizarraldepsicologa.com\\\/wp-content\\\/uploads\\\/2025\\\/08\\\/cropped-Diseno-sin-titulo-1.png\",\"width\":448,\"height\":112,\"caption\":\"Marina Lizarralde Psic\u00f3loga \"},\"image\":{\"@id\":\"https:\\\/\\\/marinalizarraldepsicologa.com\\\/#\\\/schema\\\/logo\\\/image\\\/\"}}]}<\/script>\n<!-- \/ Yoast SEO plugin. -->","yoast_head_json":{"title":"Charlas - Marina Lizarralde Psic\u00f3loga","robots":{"index":"index","follow":"follow","max-snippet":"max-snippet:-1","max-image-preview":"max-image-preview:large","max-video-preview":"max-video-preview:-1"},"canonical":"https:\/\/marinalizarraldepsicologa.com\/en\/charlas\/","og_locale":"en_GB","og_type":"article","og_title":"Charlas - Marina Lizarralde Psic\u00f3loga","og_description":"Charlas a alumnado. Escuelas de padres y madres. Colaboraci\u00f3n con centros educativos en programas preventivos. Dirigido a alumnos\/as de Educaci\u00f3n Primaria, Secundaria y Bachillerato, centradas en la promoci\u00f3n de la salud y el bienestar. Intervenciones preventivas en el aula sobre: \u00a0 \u25cf Prevenci\u00f3n de consumos de t\u00f3xicos y adictivos.\u25cf Prevenci\u00f3n del acoso escolar.\u25cf Fomentar el [&hellip;]","og_url":"https:\/\/marinalizarraldepsicologa.com\/en\/charlas\/","og_site_name":"Marina Lizarralde Psic\u00f3loga","article_modified_time":"2025-09-16T08:56:45+00:00","og_image":[{"url":"https:\/\/marinalizarraldepsicologa.com\/wp-content\/uploads\/2025\/08\/Charla-1024x683.jpg","type":"","width":"","height":""}],"twitter_card":"summary_large_image","twitter_misc":{"Estimated reading time":"1 minute"},"schema":{"@context":"https:\/\/schema.org","@graph":[{"@type":"WebPage","@id":"https:\/\/marinalizarraldepsicologa.com\/charlas\/","url":"https:\/\/marinalizarraldepsicologa.com\/charlas\/","name":"Charlas - Marina Lizarralde Psic\u00f3loga","isPartOf":{"@id":"https:\/\/marinalizarraldepsicologa.com\/#website"},"primaryImageOfPage":{"@id":"https:\/\/marinalizarraldepsicologa.com\/charlas\/#primaryimage"},"image":{"@id":"https:\/\/marinalizarraldepsicologa.com\/charlas\/#primaryimage"},"thumbnailUrl":"https:\/\/marinalizarraldepsicologa.com\/wp-content\/uploads\/2025\/08\/Charla-1024x683.jpg","datePublished":"2025-07-11T14:31:18+00:00","dateModified":"2025-09-16T08:56:45+00:00","breadcrumb":{"@id":"https:\/\/marinalizarraldepsicologa.com\/charlas\/#breadcrumb"},"inLanguage":"en-GB","potentialAction":[{"@type":"ReadAction","target":["https:\/\/marinalizarraldepsicologa.com\/charlas\/"]}]},{"@type":"ImageObject","inLanguage":"en-GB","@id":"https:\/\/marinalizarraldepsicologa.com\/charlas\/#primaryimage","url":"https:\/\/marinalizarraldepsicologa.com\/wp-content\/uploads\/2025\/08\/Charla-1024x683.jpg","contentUrl":"https:\/\/marinalizarraldepsicologa.com\/wp-content\/uploads\/2025\/08\/Charla-1024x683.jpg"},{"@type":"BreadcrumbList","@id":"https:\/\/marinalizarraldepsicologa.com\/charlas\/#breadcrumb","itemListElement":[{"@type":"ListItem","position":1,"name":"Portada","item":"https:\/\/marinalizarraldepsicologa.com\/"},{"@type":"ListItem","position":2,"name":"Charlas"}]},{"@type":"WebSite","@id":"https:\/\/marinalizarraldepsicologa.com\/#website","url":"https:\/\/marinalizarraldepsicologa.com\/","name":"Marina Lizarralde Psic\u00f3loga","description":"Psicolog\u00eda Sanitaria","publisher":{"@id":"https:\/\/marinalizarraldepsicologa.com\/#organization"},"potentialAction":[{"@type":"SearchAction","target":{"@type":"EntryPoint","urlTemplate":"https:\/\/marinalizarraldepsicologa.com\/?s={search_term_string}"},"query-input":{"@type":"PropertyValueSpecification","valueRequired":true,"valueName":"search_term_string"}}],"inLanguage":"en-GB"},{"@type":"Organization","@id":"https:\/\/marinalizarraldepsicologa.com\/#organization","name":"Marina Lizarralde Psic\u00f3loga","url":"https:\/\/marinalizarraldepsicologa.com\/","logo":{"@type":"ImageObject","inLanguage":"en-GB","@id":"https:\/\/marinalizarraldepsicologa.com\/#\/schema\/logo\/image\/","url":"https:\/\/marinalizarraldepsicologa.com\/wp-content\/uploads\/2025\/08\/cropped-Diseno-sin-titulo-1.png","contentUrl":"https:\/\/marinalizarraldepsicologa.com\/wp-content\/uploads\/2025\/08\/cropped-Diseno-sin-titulo-1.png","width":448,"height":112,"caption":"Marina Lizarralde Psic\u00f3loga "},"image":{"@id":"https:\/\/marinalizarraldepsicologa.com\/#\/schema\/logo\/image\/"}}]}},"_links":{"self":[{"href":"https:\/\/marinalizarraldepsicologa.com\/en\/wp-json\/wp\/v2\/pages\/33","targetHints":{"allow":["GET"]}}],"collection":[{"href":"https:\/\/marinalizarraldepsicologa.com\/en\/wp-json\/wp\/v2\/pages"}],"about":[{"href":"https:\/\/marinalizarraldepsicologa.com\/en\/wp-json\/wp\/v2\/types\/page"}],"author":[{"embeddable":true,"href":"https:\/\/marinalizarraldepsicologa.com\/en\/wp-json\/wp\/v2\/users\/1"}],"replies":[{"embeddable":true,"href":"https:\/\/marinalizarraldepsicologa.com\/en\/wp-json\/wp\/v2\/comments?post=33"}],"version-history":[{"count":226,"href":"https:\/\/marinalizarraldepsicologa.com\/en\/wp-json\/wp\/v2\/pages\/33\/revisions"}],"predecessor-version":[{"id":1824,"href":"https:\/\/marinalizarraldepsicologa.com\/en\/wp-json\/wp\/v2\/pages\/33\/revisions\/1824"}],"wp:attachment":[{"href":"https:\/\/marinalizarraldepsicologa.com\/en\/wp-json\/wp\/v2\/media?parent=33"}],"curies":[{"name":"wp","href":"https:\/\/api.w.org\/{rel}","templated":true}]}}